{"id":6293,"date":"2017-09-03T03:55:21","date_gmt":"2017-09-03T01:55:21","guid":{"rendered":"https:\/\/arnaud.novaresa.website\/inicio\/"},"modified":"2024-12-03T16:32:31","modified_gmt":"2024-12-03T15:32:31","slug":"inicio","status":"publish","type":"page","link":"https:\/\/www.hotel-arnaudbernard.com\/es\/","title":{"rendered":"Inicio"},"content":{"rendered":"[vc_row type=\u00bbfull_width_background\u00bb full_screen_row_position=\u00bbmiddle\u00bb bg_image=\u00bb6191&#8243; bg_position=\u00bbcenter bottom\u00bb bg_repeat=\u00bbno-repeat\u00bb scene_position=\u00bbcenter\u00bb text_color=\u00bblight\u00bb text_align=\u00bbleft\u00bb top_padding=\u00bb20%\u00bb bottom_padding=\u00bb20%\u00bb enable_gradient=\u00bbtrue\u00bb color_overlay=\u00bbrgba(0,0,0,0.5)\u00bb color_overlay_2=\u00bbrgba(52,82,255,0.01)\u00bb gradient_direction=\u00bbleft_b_to_right_t\u00bb overlay_strength=\u00bb1&#8243; shape_divider_position=\u00bbbottom\u00bb shape_type=\u00bb\u00bb][vc_column column_padding=\u00bbno-extra-padding\u00bb column_padding_position=\u00bball\u00bb background_color_opacity=\u00bb1&#8243; background_hover_color_opacity=\u00bb1&#8243; column_shadow=\u00bbnone\u00bb column_border_radius=\u00bbnone\u00bb width=\u00bb2\/3&#8243; tablet_text_alignment=\u00bbdefault\u00bb phone_text_alignment=\u00bbdefault\u00bb column_border_width=\u00bbnone\u00bb column_border_style=\u00bbsolid\u00bb][vc_custom_heading text=\u00bbHotel Arnaud Bernard\u00bb font_container=\u00bbtag:h2|text_align:left|color:%23ffffff\u00bb use_theme_fonts=\u00bbyes\u00bb][vc_custom_heading text=\u00bbHotel con encanto, pintoresco y original, situado en el coraz\u00f3n de Toulouse, en el barrio de Saint Sernin.\u00bb font_container=\u00bbtag:h3|text_align:left|color:%23ffffff\u00bb use_theme_fonts=\u00bbyes\u00bb][vc_row_inner column_margin=\u00bbdefault\u00bb text_align=\u00bbleft\u00bb][vc_column_inner column_padding=\u00bbno-extra-padding\u00bb column_padding_position=\u00bball\u00bb background_color_opacity=\u00bb1&#8243; background_hover_color_opacity=\u00bb1&#8243; column_shadow=\u00bbnone\u00bb column_border_radius=\u00bbnone\u00bb width=\u00bb1\/2&#8243; column_border_width=\u00bbnone\u00bb column_border_style=\u00bbsolid\u00bb][nectar_btn size=\u00bblarge\u00bb button_style=\u00bbregular\u00bb button_color_2=\u00bbAccent-Color\u00bb icon_family=\u00bbnone\u00bb url=\u00bb\/es\/hotel\/\u00bb text=\u00bbDescubre el hotel\u00bb margin_top=\u00bb25&#8243;][\/vc_column_inner][vc_column_inner column_padding=\u00bbno-extra-padding\u00bb column_padding_position=\u00bball\u00bb background_color_opacity=\u00bb1&#8243; background_hover_color_opacity=\u00bb1&#8243; column_shadow=\u00bbnone\u00bb column_border_radius=\u00bbnone\u00bb width=\u00bb1\/2&#8243; column_border_width=\u00bbnone\u00bb column_border_style=\u00bbsolid\u00bb][nectar_btn size=\u00bblarge\u00bb button_style=\u00bbregular\u00bb button_color_2=\u00bbAccent-Color\u00bb icon_family=\u00bbnone\u00bb url=\u00bb\/es\/reserva\/\u00bb text=\u00bbReserva tu estancia\u00bb margin_top=\u00bb25&#8243;][\/vc_column_inner][\/vc_row_inner][\/vc_column][vc_column column_padding=\u00bbno-extra-padding\u00bb column_padding_position=\u00bball\u00bb background_color_opacity=\u00bb1&#8243; background_hover_color_opacity=\u00bb1&#8243; column_shadow=\u00bbnone\u00bb column_border_radius=\u00bbnone\u00bb width=\u00bb1\/3&#8243; tablet_text_alignment=\u00bbdefault\u00bb phone_text_alignment=\u00bbdefault\u00bb column_border_width=\u00bbnone\u00bb column_border_style=\u00bbsolid\u00bb][\/vc_column][\/vc_row][vc_row type=\u00bbfull_width_background\u00bb full_screen_row_position=\u00bbmiddle\u00bb scene_position=\u00bbcenter\u00bb text_color=\u00bblight\u00bb text_align=\u00bbleft\u00bb disable_element=\u00bbyes\u00bb overlay_strength=\u00bb0.3&#8243; shape_divider_position=\u00bbbottom\u00bb shape_type=\u00bb\u00bb][vc_column column_padding=\u00bbno-extra-padding\u00bb column_padding_position=\u00bball\u00bb background_color_opacity=\u00bb1&#8243; background_hover_color_opacity=\u00bb1&#8243; column_shadow=\u00bbnone\u00bb column_border_radius=\u00bbnone\u00bb top_margin=\u00bb-15%\u00bb bottom_margin=\u00bb5%\u00bb width=\u00bb1\/1&#8243; tablet_text_alignment=\u00bbdefault\u00bb phone_text_alignment=\u00bbdefault\u00bb column_border_width=\u00bbnone\u00bb column_border_style=\u00bbsolid\u00bb][nectar_blog layout=\u00bbmasonry-blog-fullwidth\u00bb blog_masonry_style=\u00bbauto_meta_overlaid_spaced\u00bb auto_masonry_spacing=\u00bb4px\u00bb category=\u00bbbons-cadeaux,codes-promotionnels,offres-speciales\u00bb load_in_animation=\u00bbnone\u00bb order=\u00bbASC\u00bb orderby=\u00bbdate\u00bb posts_per_page=\u00bb4&#8243;][\/vc_column][\/vc_row][vc_row type=\u00bbfull_width_content\u00bb full_screen_row_position=\u00bbmiddle\u00bb equal_height=\u00bbyes\u00bb content_placement=\u00bbmiddle\u00bb scene_position=\u00bbcenter\u00bb text_color=\u00bblight\u00bb text_align=\u00bbleft\u00bb overlay_strength=\u00bb0.3&#8243; shape_divider_position=\u00bbbottom\u00bb shape_type=\u00bb\u00bb][vc_column centered_text=\u00bbtrue\u00bb column_padding=\u00bbpadding-6-percent\u00bb column_padding_position=\u00bball\u00bb background_color_opacity=\u00bb1&#8243; background_hover_color_opacity=\u00bb1&#8243; column_shadow=\u00bbnone\u00bb column_border_radius=\u00bbnone\u00bb width=\u00bb1\/3&#8243; tablet_text_alignment=\u00bbdefault\u00bb phone_text_alignment=\u00bbdefault\u00bb column_border_width=\u00bbnone\u00bb column_border_style=\u00bbsolid\u00bb][nectar_icon icon_family=\u00bbiconsmind\u00bb icon_style=\u00bbdefault\u00bb icon_color=\u00bbAccent-Color\u00bb icon_padding=\u00bb10px\u00bb url=\u00bb\/chambres\/\u00bb icon_iconsmind=\u00bbiconsmind-Door-Hanger\u00bb margin_bottom=\u00bb10&#8243;][divider line_type=\u00bbNo Line\u00bb custom_height=\u00bb10&#8243;][vc_column_text max_width=\u00bb315&#8243;]\n<h4>Habitaciones<\/h4>\n[\/vc_column_text][divider line_type=\u00bbNo Line\u00bb custom_height=\u00bb5&#8243;][vc_column_text max_width=\u00bb350&#8243;]Nuestro hotel dispone de habitaciones dobles, de matrimonio, triples y familiares.[\/vc_column_text][divider line_type=\u00bbNo Line\u00bb custom_height=\u00bb5&#8243;][nectar_btn size=\u00bblarge\u00bb button_style=\u00bbregular\u00bb button_color_2=\u00bbAccent-Color\u00bb icon_family=\u00bbnone\u00bb url=\u00bb\/es\/habitaciones\/\u00bb text=\u00bbNuestras habitaciones\u00bb][\/vc_column][vc_column centered_text=\u00bbtrue\u00bb column_padding=\u00bbpadding-10-percent\u00bb column_padding_position=\u00bball\u00bb background_color=\u00bb#0a0a0a\u00bb background_color_opacity=\u00bb0.5&#8243; background_hover_color_opacity=\u00bb1&#8243; background_image=\u00bb6196&#8243; font_color=\u00bb#ffffff\u00bb column_shadow=\u00bbnone\u00bb column_border_radius=\u00bbnone\u00bb width=\u00bb2\/3&#8243; tablet_text_alignment=\u00bbdefault\u00bb phone_text_alignment=\u00bbdefault\u00bb column_border_width=\u00bbnone\u00bb column_border_style=\u00bbsolid\u00bb][nectar_icon icon_family=\u00bbiconsmind\u00bb icon_style=\u00bbdefault\u00bb icon_color=\u00bbwhite\u00bb icon_padding=\u00bb10px\u00bb url=\u00bb\/house\/\u00bb icon_iconsmind=\u00bbiconsmind-Environmental-3&#8243; margin_bottom=\u00bb10&#8243;][vc_custom_heading text=\u00bbHotel Arnaud Bernard\u00bb font_container=\u00bbtag:h5|text_align:center|color:%23ffffff\u00bb use_theme_fonts=\u00bbyes\u00bb][vc_custom_heading text=\u00bbHotel en el centro de Toulouse\u00bb font_container=\u00bbtag:h2|text_align:center|color:%23ffffff\u00bb use_theme_fonts=\u00bbyes\u00bb link=\u00bb|||\u00bb][divider line_type=\u00bbNo Line\u00bb custom_height=\u00bb20&#8243;][vc_custom_heading text=\u00bb<\/p>\n<p>Completamente renovado, el hotel ha conservado el acogedor encanto de una decoraci\u00f3n adornada con antig\u00fcedades. El hotel cumple las \u00faltimas normas vigentes de seguridad contra incendios y se ajusta a los nuevos criterios de clasificaci\u00f3n de los hoteles de 2 estrellas. El hotel no es accesible para personas con discapacidad. No hay ascensor. A partir de ahora, para acceder al hotel en coche, debes anunciarte en la terminal.\u00bb font_container=\u00bbtag:p|text_align:center|color:rgba(255%2C255%2C255%2C0.69)\u00bb use_theme_fonts=\u00bbyes\u00bb css=\u00bb.vc_custom_1727081063191{padding-right: 15% !important;padding-left: 15% !important;}\u00bb][\/vc_column][\/vc_row][vc_row type=\u00bbfull_width_background\u00bb full_screen_row_position=\u00bbmiddle\u00bb scene_position=\u00bbcenter\u00bb text_color=\u00bblight\u00bb text_align=\u00bbleft\u00bb top_padding=\u00bb7%\u00bb bottom_padding=\u00bb7%\u00bb overlay_strength=\u00bb0.3&#8243; shape_divider_position=\u00bbbottom\u00bb shape_type=\u00bb\u00bb][vc_column enable_animation=\u00bbtrue\u00bb animation=\u00bbgrow-in\u00bb column_padding=\u00bbno-extra-padding\u00bb column_padding_position=\u00bball\u00bb background_color_opacity=\u00bb1&#8243; background_hover_color_opacity=\u00bb1&#8243; column_shadow=\u00bbsmall_depth\u00bb column_border_radius=\u00bb5px\u00bb width=\u00bb1\/3&#8243; tablet_text_alignment=\u00bbdefault\u00bb phone_text_alignment=\u00bbdefault\u00bb column_border_width=\u00bbnone\u00bb column_link=\u00bbhttp:\/\/house.novaresa.website\/page-d-exemple\/\u00bb][fancy_box box_style=\u00bbcolor_box_hover\u00bb icon_family=\u00bbiconsmind\u00bb color=\u00bbAccent-Color\u00bb box_alignment=\u00bbleft\u00bb icon_iconsmind=\u00bbiconsmind-Wifi-2&#8243; min_height=\u00bb200&#8243; link_url=\u00bb\/page-d-exemple\/\u00bb]\n<h4>WiFi gratuito<\/h4>\n<p>Conexi\u00f3n Wi-Fi gratuita disponible en todo el hotel[\/fancy_box][\/vc_column][vc_column enable_animation=\u00bbtrue\u00bb animation=\u00bbgrow-in\u00bb column_padding=\u00bbno-extra-padding\u00bb column_padding_position=\u00bball\u00bb background_color_opacity=\u00bb1&#8243; background_hover_color_opacity=\u00bb1&#8243; column_shadow=\u00bbnone\u00bb column_border_radius=\u00bbnone\u00bb width=\u00bb1\/3&#8243; tablet_text_alignment=\u00bbdefault\u00bb phone_text_alignment=\u00bbdefault\u00bb column_border_width=\u00bbnone\u00bb column_border_style=\u00bbsolid\u00bb delay=\u00bb100&#8243;][fancy_box box_style=\u00bbcolor_box_hover\u00bb icon_family=\u00bbiconsmind\u00bb color=\u00bbAccent-Color\u00bb box_alignment=\u00bbleft\u00bb icon_iconsmind=\u00bbiconsmind-Car-2&#8243; min_height=\u00bb200&#8243;]\n<h4>Aparcamiento cercano<\/h4>\n<p>El hotel est\u00e1 a s\u00f3lo cien metros del Parking Indigo.[\/fancy_box][\/vc_column][vc_column enable_animation=\u00bbtrue\u00bb animation=\u00bbgrow-in\u00bb column_padding=\u00bbno-extra-padding\u00bb column_padding_position=\u00bball\u00bb background_color_opacity=\u00bb1&#8243; background_hover_color_opacity=\u00bb1&#8243; column_shadow=\u00bbnone\u00bb column_border_radius=\u00bbnone\u00bb width=\u00bb1\/3&#8243; tablet_text_alignment=\u00bbdefault\u00bb phone_text_alignment=\u00bbdefault\u00bb column_border_width=\u00bbnone\u00bb column_border_style=\u00bbsolid\u00bb delay=\u00bb200&#8243;][fancy_box box_style=\u00bbcolor_box_hover\u00bb icon_family=\u00bbiconsmind\u00bb color=\u00bbAccent-Color\u00bb box_alignment=\u00bbleft\u00bb icon_iconsmind=\u00bbiconsmind-Password-shopping\u00bb min_height=\u00bb200&#8243;]\n<h4>Recepci\u00f3n<\/h4>\n<p>La recepci\u00f3n est\u00e1 abierta de 7 a 22 h.[\/fancy_box][\/vc_column][\/vc_row][vc_row type=\u00bbfull_width_background\u00bb full_screen_row_position=\u00bbmiddle\u00bb bg_image=\u00bb6182&#8243; bg_position=\u00bbleft top\u00bb bg_repeat=\u00bbno-repeat\u00bb scene_position=\u00bbcenter\u00bb text_color=\u00bblight\u00bb text_align=\u00bbleft\u00bb top_padding=\u00bb10%\u00bb bottom_padding=\u00bb10%\u00bb enable_gradient=\u00bbtrue\u00bb color_overlay=\u00bb#161616&#8243; color_overlay_2=\u00bbrgba(22,22,22,0.15)\u00bb gradient_direction=\u00bbtop_to_bottom\u00bb overlay_strength=\u00bb1&#8243; shape_divider_color=\u00bb#f1f1f1&#8243; shape_divider_position=\u00bbbottom\u00bb shape_type=\u00bbcurve\u00bb][vc_column column_padding=\u00bbno-extra-padding\u00bb column_padding_position=\u00bball\u00bb background_color_opacity=\u00bb1&#8243; background_hover_color_opacity=\u00bb1&#8243; column_shadow=\u00bbnone\u00bb column_border_radius=\u00bbnone\u00bb width=\u00bb1\/1&#8243; tablet_text_alignment=\u00bbdefault\u00bb phone_text_alignment=\u00bbdefault\u00bb column_border_width=\u00bbnone\u00bb column_border_style=\u00bbsolid\u00bb][vc_row_inner equal_height=\u00bbyes\u00bb content_placement=\u00bbmiddle\u00bb column_margin=\u00bbdefault\u00bb text_align=\u00bbleft\u00bb][vc_column_inner column_padding=\u00bbno-extra-padding\u00bb column_padding_position=\u00bball\u00bb background_color_opacity=\u00bb1&#8243; background_hover_color_opacity=\u00bb1&#8243; column_shadow=\u00bbnone\u00bb column_border_radius=\u00bbnone\u00bb width=\u00bb1\/2&#8243; column_border_width=\u00bbnone\u00bb column_border_style=\u00bbsolid\u00bb][split_line_heading]\n<h2>Descubre Toulouse<\/h2>\n[\/split_line_heading][vc_column_text css_animation=\u00bbbottom-to-top\u00bb css=\u00bb.vc_custom_1727081010606{margin-top: 15px !important;}\u00bb max_width=\u00bb500&#8243;]Muchas atracciones tur\u00edsticas est\u00e1n a poca distancia del hotel.[\/vc_column_text][nectar_btn size=\u00bblarge\u00bb button_style=\u00bbregular\u00bb button_color_2=\u00bbAccent-Color\u00bb icon_family=\u00bbnone\u00bb url=\u00bb\/es\/turismo\/\u00bb text=\u00bbDescubre nuestras actividades\u00bb][\/vc_column_inner][vc_column_inner column_padding=\u00bbno-extra-padding\u00bb column_padding_position=\u00bball\u00bb background_color_opacity=\u00bb1&#8243; background_hover_color_opacity=\u00bb1&#8243; column_shadow=\u00bbnone\u00bb column_border_radius=\u00bbnone\u00bb width=\u00bb1\/2&#8243; column_border_width=\u00bbnone\u00bb column_border_style=\u00bbsolid\u00bb][nectar_cascading_images image_1_bg_color=\u00bb#ab1719&#8243; image_1_offset_x_sign=\u00bb+\u00bb image_1_offset_x=\u00bb0%\u00bb image_1_offset_y_sign=\u00bb+\u00bb image_1_offset_y=\u00bb0%\u00bb image_1_rotate_sign=\u00bb+\u00bb image_1_rotate=\u00bbnone\u00bb image_1_animation=\u00bbGrow In\u00bb image_1_box_shadow=\u00bbnone\u00bb image_2_url=\u00bb6189&#8243; image_2_offset_x_sign=\u00bb+\u00bb image_2_offset_x=\u00bb25%\u00bb image_2_offset_y_sign=\u00bb+\u00bb image_2_offset_y=\u00bb30%\u00bb image_2_rotate_sign=\u00bb+\u00bb image_2_rotate=\u00bbnone\u00bb image_2_animation=\u00bbGrow In\u00bb image_2_box_shadow=\u00bbnone\u00bb image_3_url=\u00bb6190&#8243; image_3_offset_x_sign=\u00bb-\u00bb image_3_offset_x=\u00bb15%\u00bb image_3_offset_y_sign=\u00bb-\u00bb image_3_offset_y=\u00bb30%\u00bb image_3_rotate_sign=\u00bb+\u00bb image_3_rotate=\u00bbnone\u00bb image_3_animation=\u00bbGrow In\u00bb image_3_box_shadow=\u00bbx_large_depth\u00bb image_4_offset_x_sign=\u00bb+\u00bb image_4_offset_x=\u00bb0%\u00bb image_4_offset_y_sign=\u00bb+\u00bb image_4_offset_y=\u00bb0%\u00bb image_4_rotate_sign=\u00bb+\u00bb image_4_rotate=\u00bbnone\u00bb image_4_animation=\u00bbFade In\u00bb image_4_box_shadow=\u00bbnone\u00bb border_radius=\u00bbnone\u00bb][\/vc_column_inner][\/vc_row_inner][\/vc_column][\/vc_row][vc_row type=\u00bbfull_width_background\u00bb full_screen_row_position=\u00bbmiddle\u00bb scene_position=\u00bbcenter\u00bb text_color=\u00bblight\u00bb text_align=\u00bbleft\u00bb top_padding=\u00bb2%\u00bb bottom_padding=\u00bb150&#8243; overlay_strength=\u00bb0.3&#8243; shape_divider_color=\u00bb#ffffff\u00bb shape_divider_position=\u00bbtop\u00bb shape_divider_height=\u00bb80&#8243; shape_type=\u00bbcurve\u00bb][vc_column column_padding=\u00bbno-extra-padding\u00bb column_padding_position=\u00bball\u00bb background_color_opacity=\u00bb1&#8243; background_hover_color_opacity=\u00bb1&#8243; column_shadow=\u00bbnone\u00bb column_border_radius=\u00bbnone\u00bb width=\u00bb1\/1&#8243; tablet_text_alignment=\u00bbdefault\u00bb phone_text_alignment=\u00bbdefault\u00bb column_border_width=\u00bbnone\u00bb column_border_style=\u00bbsolid\u00bb translate_y=\u00bb-50%\u00bb][vc_row_inner column_margin=\u00bbdefault\u00bb translate_y=\u00bb-100&#8243; text_align=\u00bbleft\u00bb][vc_column_inner column_padding=\u00bbpadding-6-percent\u00bb column_padding_position=\u00bball\u00bb centered_text=\u00bbtrue\u00bb background_color=\u00bb#c4a97a\u00bb background_color_opacity=\u00bb1&#8243; background_hover_color_opacity=\u00bb1&#8243; font_color=\u00bb#ffffff\u00bb column_shadow=\u00bbmedium_depth\u00bb column_border_radius=\u00bb15px\u00bb width=\u00bb1\/2&#8243; column_border_width=\u00bbnone\u00bb column_border_style=\u00bbsolid\u00bb][vc_custom_heading text=\u00bbPonte en contacto con nosotros\u00bb font_container=\u00bbtag:h3|text_align:center\u00bb use_theme_fonts=\u00bbyes\u00bb][vc_column_text]\n<p style=\"text-align: center;\">Nuestro equipo responder\u00e1 a todas tus preguntas.<\/p>\n[\/vc_column_text][nectar_btn size=\u00bblarge\u00bb button_style=\u00bbsee-through-2&#8243; color_override=\u00bb#ffffff\u00bb hover_color_override=\u00bb#ffffff\u00bb hover_text_color_override=\u00bb#000000&#8243; icon_family=\u00bbnone\u00bb url=\u00bb\/es\/contact\/\u00bb text=\u00bbRellena el formulario\u00bb margin_top=\u00bb30&#8243; margin_bottom=\u00bb1&#8243;][\/vc_column_inner][vc_column_inner column_padding=\u00bbpadding-6-percent\u00bb column_padding_position=\u00bball\u00bb centered_text=\u00bbtrue\u00bb background_color=\u00bb#ab1719&#8243; background_color_opacity=\u00bb1&#8243; background_hover_color_opacity=\u00bb1&#8243; font_color=\u00bb#ffffff\u00bb column_shadow=\u00bbmedium_depth\u00bb column_border_radius=\u00bb10px\u00bb width=\u00bb1\/2&#8243; column_border_width=\u00bbnone\u00bb column_border_style=\u00bbsolid\u00bb][vc_custom_heading text=\u00bbReserva tu estancia\u00bb font_container=\u00bbtag:h3|text_align:center\u00bb use_theme_fonts=\u00bbyes\u00bb][vc_column_text]\n<p style=\"text-align: center;\">\u00a1Reserva online al mejor precio!<\/p>\n[\/vc_column_text][nectar_btn size=\u00bblarge\u00bb button_style=\u00bbsee-through-2&#8243; color_override=\u00bb#ffffff\u00bb hover_color_override=\u00bb#ffffff\u00bb hover_text_color_override=\u00bb#000000&#8243; icon_family=\u00bbnone\u00bb url=\u00bb\/es\/reserva\/\u00bb text=\u00bbBuscar disponibilidad\u00bb margin_top=\u00bb30&#8243; margin_bottom=\u00bb1&#8243;][\/vc_column_inner][\/vc_row_inner][vc_column_text css=\u00bb.vc_custom_1732700663650{margin-bottom: 50px !important;}\u00bb]\n<h5 style=\"text-align: center;\"><a href=\"\/es\/noticia-legales\/\">Informaci\u00f3n legal<\/a> &#8211; <a href=\"\/es\/politica-de-confidentialidad\/\">Pol\u00edtica de privacidad<\/a><\/h5>\n<p style=\"text-align: center;\"><span style=\"color: #999999;\">Copyright 2024 &#8211; Todos los derechos reservados<\/span><\/p>\n<div id=\"signature\">\n<p style=\"text-align: center;\"><a href=\"http:\/\/www.novaresa.fr\" target=\"_blank\" rel=\"noopener noreferrer\">novaresa<\/a><\/p>\n<\/div>\n[\/vc_column_text][\/vc_column][\/vc_row]\n","protected":false},"excerpt":{"rendered":"<p>[vc_row type=\u00bbfull_width_background\u00bb full_screen_row_position=\u00bbmiddle\u00bb bg_image=\u00bb6191&#8243; bg_position=\u00bbcenter bottom\u00bb bg_repeat=\u00bbno-repeat\u00bb scene_position=\u00bbcenter\u00bb text_color=\u00bblight\u00bb text_align=\u00bbleft\u00bb top_padding=\u00bb20%\u00bb bottom_padding=\u00bb20%\u00bb enable_gradient=\u00bbtrue\u00bb color_overlay=\u00bbrgba(0,0,0,0.5)\u00bb color_overlay_2=\u00bbrgba(52,82,255,0.01)\u00bb gradient_direction=\u00bbleft_b_to_right_t\u00bb overlay_strength=\u00bb1&#8243; shape_divider_position=\u00bbbottom\u00bb shape_type=\u00bb\u00bb][vc_column column_padding=\u00bbno-extra-padding\u00bb column_padding_position=\u00bball\u00bb background_color_opacity=\u00bb1&#8243; background_hover_color_opacity=\u00bb1&#8243; column_shadow=\u00bbnone\u00bb column_border_radius=\u00bbnone\u00bb&#8230;<\/p>\n","protected":false},"author":1,"featured_media":0,"parent":0,"menu_order":0,"comment_status":"closed","ping_status":"closed","template":"","meta":{"footnotes":""},"class_list":["post-6293","page","type-page","status-publish"],"_links":{"self":[{"href":"https:\/\/www.hotel-arnaudbernard.com\/es\/wp-json\/wp\/v2\/pages\/6293","targetHints":{"allow":["GET"]}}],"collection":[{"href":"https:\/\/www.hotel-arnaudbernard.com\/es\/wp-json\/wp\/v2\/pages"}],"about":[{"href":"https:\/\/www.hotel-arnaudbernard.com\/es\/wp-json\/wp\/v2\/types\/page"}],"author":[{"embeddable":true,"href":"https:\/\/www.hotel-arnaudbernard.com\/es\/wp-json\/wp\/v2\/users\/1"}],"replies":[{"embeddable":true,"href":"https:\/\/www.hotel-arnaudbernard.com\/es\/wp-json\/wp\/v2\/comments?post=6293"}],"version-history":[{"count":7,"href":"https:\/\/www.hotel-arnaudbernard.com\/es\/wp-json\/wp\/v2\/pages\/6293\/revisions"}],"predecessor-version":[{"id":6411,"href":"https:\/\/www.hotel-arnaudbernard.com\/es\/wp-json\/wp\/v2\/pages\/6293\/revisions\/6411"}],"wp:attachment":[{"href":"https:\/\/www.hotel-arnaudbernard.com\/es\/wp-json\/wp\/v2\/media?parent=6293"}],"curies":[{"name":"wp","href":"https:\/\/api.w.org\/{rel}","templated":true}]}}