{"id":6312,"date":"2019-11-21T10:25:49","date_gmt":"2019-11-21T09:25:49","guid":{"rendered":"https:\/\/arnaud.novaresa.website\/habitaciones\/"},"modified":"2024-11-27T10:47:24","modified_gmt":"2024-11-27T09:47:24","slug":"habitaciones","status":"publish","type":"page","link":"https:\/\/www.hotel-arnaudbernard.com\/es\/habitaciones\/","title":{"rendered":"Habitaciones"},"content":{"rendered":"[vc_row type=\u00bbfull_width_background\u00bb full_screen_row_position=\u00bbmiddle\u00bb bg_image=\u00bb6194&#8243; bg_position=\u00bbcenter center\u00bb bg_repeat=\u00bbno-repeat\u00bb bg_color=\u00bb#f1f1f1&#8243; scene_position=\u00bbcenter\u00bb text_color=\u00bbdark\u00bb text_align=\u00bbleft\u00bb top_padding=\u00bb15%\u00bb bottom_padding=\u00bb7%\u00bb id=\u00bben-tete\u00bb color_overlay=\u00bb#0a0a0a\u00bb overlay_strength=\u00bb0.3&#8243; enable_shape_divider=\u00bbtrue\u00bb shape_divider_color=\u00bb#161616&#8243; shape_divider_position=\u00bbbottom\u00bb shape_type=\u00bbcurve\u00bb][vc_column centered_text=\u00bbtrue\u00bb column_padding=\u00bbno-extra-padding\u00bb column_padding_position=\u00bball\u00bb background_color_opacity=\u00bb1&#8243; background_hover_color_opacity=\u00bb1&#8243; font_color=\u00bb#ffffff\u00bb column_shadow=\u00bbnone\u00bb column_border_radius=\u00bbnone\u00bb width=\u00bb1\/1&#8243; tablet_text_alignment=\u00bbdefault\u00bb phone_text_alignment=\u00bbdefault\u00bb column_border_width=\u00bbnone\u00bb column_border_style=\u00bbsolid\u00bb][vc_custom_heading text=\u00bbHabitaciones\u00bb font_container=\u00bbtag:h2|text_align:center|color:%23ffffff\u00bb use_theme_fonts=\u00bbyes\u00bb][vc_column_text]\n<p style=\"text-align: center;\">La recepci\u00f3n est\u00e1 abierta de 7 a 22 h. Conexi\u00f3n Wi-Fi gratuita disponible en todo el hotel<\/p>\n[\/vc_column_text][\/vc_column][\/vc_row][vc_row type=\u00bbin_container\u00bb full_screen_row_position=\u00bbmiddle\u00bb scene_position=\u00bbcenter\u00bb text_color=\u00bbdark\u00bb text_align=\u00bbleft\u00bb top_padding=\u00bb50&#8243; bottom_padding=\u00bb200&#8243; overlay_strength=\u00bb0.3&#8243; shape_divider_position=\u00bbbottom\u00bb shape_type=\u00bb\u00bb][vc_column column_padding=\u00bbno-extra-padding\u00bb column_padding_position=\u00bball\u00bb background_color_opacity=\u00bb1&#8243; background_hover_color_opacity=\u00bb1&#8243; column_shadow=\u00bbnone\u00bb column_border_radius=\u00bbnone\u00bb width=\u00bb1\/4&#8243; tablet_text_alignment=\u00bbdefault\u00bb phone_text_alignment=\u00bbdefault\u00bb column_border_width=\u00bbnone\u00bb column_border_style=\u00bbsolid\u00bb][image_with_animation image_url=\u00bb6180&#8243; alignment=\u00bbcenter\u00bb animation=\u00bbFade In From Bottom\u00bb border_radius=\u00bb5px\u00bb box_shadow=\u00bbmedium_depth\u00bb max_width=\u00bb100%\u00bb el_class=\u00bbimg-chambres\u00bb][vc_column_text]\n<h3>Doble rasero<\/h3>\n[\/vc_column_text][vc_column_text]Habitaci\u00f3n con 1 cama doble.[\/vc_column_text][nectar_btn size=\u00bblarge\u00bb button_style=\u00bbregular\u00bb button_color_2=\u00bbAccent-Color\u00bb icon_family=\u00bbnone\u00bb url=\u00bb\/es\/reserva\/\u00bb text=\u00bbReserva esta habitaci\u00f3n\u00bb margin_top=\u00bb25&#8243;][\/vc_column][vc_column column_padding=\u00bbno-extra-padding\u00bb column_padding_position=\u00bball\u00bb background_color_opacity=\u00bb1&#8243; background_hover_color_opacity=\u00bb1&#8243; column_shadow=\u00bbnone\u00bb column_border_radius=\u00bbnone\u00bb width=\u00bb1\/4&#8243; tablet_text_alignment=\u00bbdefault\u00bb phone_text_alignment=\u00bbdefault\u00bb column_border_width=\u00bbnone\u00bb column_border_style=\u00bbsolid\u00bb][image_with_animation image_url=\u00bb6177&#8243; alignment=\u00bbcenter\u00bb animation=\u00bbFade In From Bottom\u00bb border_radius=\u00bb5px\u00bb box_shadow=\u00bbmedium_depth\u00bb max_width=\u00bb100%\u00bb el_class=\u00bbimg-chambres\u00bb][vc_column_text]\n<h3>Gemela<\/h3>\n[\/vc_column_text][vc_column_text]Dormitorio con 2 camas individuales.[\/vc_column_text][nectar_btn size=\u00bblarge\u00bb button_style=\u00bbregular\u00bb button_color_2=\u00bbAccent-Color\u00bb icon_family=\u00bbnone\u00bb url=\u00bb\/es\/reserva\/\u00bb text=\u00bbReserva esta habitaci\u00f3n\u00bb margin_top=\u00bb25&#8243;][\/vc_column][vc_column column_padding=\u00bbno-extra-padding\u00bb column_padding_position=\u00bball\u00bb background_color_opacity=\u00bb1&#8243; background_hover_color_opacity=\u00bb1&#8243; column_shadow=\u00bbnone\u00bb column_border_radius=\u00bbnone\u00bb width=\u00bb1\/4&#8243; tablet_text_alignment=\u00bbdefault\u00bb phone_text_alignment=\u00bbdefault\u00bb column_border_width=\u00bbnone\u00bb column_border_style=\u00bbsolid\u00bb][image_with_animation image_url=\u00bb6187&#8243; alignment=\u00bbcenter\u00bb animation=\u00bbFade In From Bottom\u00bb border_radius=\u00bb5px\u00bb box_shadow=\u00bbmedium_depth\u00bb max_width=\u00bb100%\u00bb el_class=\u00bbimg-chambres\u00bb][vc_column_text]\n<h3>Triple<\/h3>\n[\/vc_column_text][vc_column_text]Habitaci\u00f3n con 1 cama doble y 1 cama individual.[\/vc_column_text][nectar_btn size=\u00bblarge\u00bb button_style=\u00bbregular\u00bb button_color_2=\u00bbAccent-Color\u00bb icon_family=\u00bbnone\u00bb url=\u00bb\/es\/reserva\/\u00bb text=\u00bbReserva esta habitaci\u00f3n\u00bb margin_top=\u00bb25&#8243;][\/vc_column][vc_column column_padding=\u00bbno-extra-padding\u00bb column_padding_position=\u00bball\u00bb background_color_opacity=\u00bb1&#8243; background_hover_color_opacity=\u00bb1&#8243; column_shadow=\u00bbnone\u00bb column_border_radius=\u00bbnone\u00bb width=\u00bb1\/4&#8243; tablet_text_alignment=\u00bbdefault\u00bb phone_text_alignment=\u00bbdefault\u00bb column_border_width=\u00bbnone\u00bb column_border_style=\u00bbsolid\u00bb][image_with_animation image_url=\u00bb6193&#8243; alignment=\u00bbcenter\u00bb animation=\u00bbFade In From Bottom\u00bb border_radius=\u00bb5px\u00bb box_shadow=\u00bbmedium_depth\u00bb max_width=\u00bb100%\u00bb el_class=\u00bbimg-chambres\u00bb][vc_column_text]\n<h3>Familia<\/h3>\n[\/vc_column_text][vc_column_text]Dormitorio con 2 camas dobles.[\/vc_column_text][nectar_btn size=\u00bblarge\u00bb button_style=\u00bbregular\u00bb button_color_2=\u00bbAccent-Color\u00bb icon_family=\u00bbnone\u00bb url=\u00bb\/es\/reserva\/\u00bb text=\u00bbReserva esta habitaci\u00f3n\u00bb margin_top=\u00bb25&#8243;][\/vc_column][\/vc_row][vc_row type=\u00bbfull_width_background\u00bb full_screen_row_position=\u00bbmiddle\u00bb scene_position=\u00bbcenter\u00bb text_color=\u00bblight\u00bb text_align=\u00bbleft\u00bb top_padding=\u00bb2%\u00bb bottom_padding=\u00bb150&#8243; overlay_strength=\u00bb0.3&#8243; shape_divider_color=\u00bb#ffffff\u00bb shape_divider_position=\u00bbtop\u00bb shape_divider_height=\u00bb80&#8243; shape_type=\u00bbcurve\u00bb][vc_column column_padding=\u00bbno-extra-padding\u00bb column_padding_position=\u00bball\u00bb background_color_opacity=\u00bb1&#8243; background_hover_color_opacity=\u00bb1&#8243; column_shadow=\u00bbnone\u00bb column_border_radius=\u00bbnone\u00bb width=\u00bb1\/1&#8243; tablet_text_alignment=\u00bbdefault\u00bb phone_text_alignment=\u00bbdefault\u00bb column_border_width=\u00bbnone\u00bb column_border_style=\u00bbsolid\u00bb translate_y=\u00bb-50%\u00bb][vc_row_inner column_margin=\u00bbdefault\u00bb translate_y=\u00bb-100&#8243; text_align=\u00bbleft\u00bb][vc_column_inner column_padding=\u00bbpadding-6-percent\u00bb column_padding_position=\u00bball\u00bb centered_text=\u00bbtrue\u00bb background_color=\u00bb#c4a97a\u00bb background_color_opacity=\u00bb1&#8243; background_hover_color_opacity=\u00bb1&#8243; font_color=\u00bb#ffffff\u00bb column_shadow=\u00bbmedium_depth\u00bb column_border_radius=\u00bb15px\u00bb width=\u00bb1\/2&#8243; column_border_width=\u00bbnone\u00bb column_border_style=\u00bbsolid\u00bb][vc_custom_heading text=\u00bbPonte en contacto con nosotros\u00bb font_container=\u00bbtag:h3|text_align:center\u00bb use_theme_fonts=\u00bbyes\u00bb][vc_column_text]\n<p style=\"text-align: center;\">Nuestro equipo responder\u00e1 a todas tus preguntas.<\/p>\n[\/vc_column_text][nectar_btn size=\u00bblarge\u00bb button_style=\u00bbsee-through-2&#8243; color_override=\u00bb#ffffff\u00bb hover_color_override=\u00bb#ffffff\u00bb hover_text_color_override=\u00bb#000000&#8243; icon_family=\u00bbnone\u00bb url=\u00bb\/es\/contact\/\u00bb text=\u00bbRellena el formulario\u00bb margin_top=\u00bb30&#8243; margin_bottom=\u00bb1&#8243;][\/vc_column_inner][vc_column_inner column_padding=\u00bbpadding-6-percent\u00bb column_padding_position=\u00bball\u00bb centered_text=\u00bbtrue\u00bb background_color=\u00bb#ab1719&#8243; background_color_opacity=\u00bb1&#8243; background_hover_color_opacity=\u00bb1&#8243; font_color=\u00bb#ffffff\u00bb column_shadow=\u00bbmedium_depth\u00bb column_border_radius=\u00bb10px\u00bb width=\u00bb1\/2&#8243; column_border_width=\u00bbnone\u00bb column_border_style=\u00bbsolid\u00bb][vc_custom_heading text=\u00bbReserva tu estancia\u00bb font_container=\u00bbtag:h3|text_align:center\u00bb use_theme_fonts=\u00bbyes\u00bb][vc_column_text]\n<p style=\"text-align: center;\">\u00a1Reserva online al mejor precio!<\/p>\n[\/vc_column_text][nectar_btn size=\u00bblarge\u00bb button_style=\u00bbsee-through-2&#8243; color_override=\u00bb#ffffff\u00bb hover_color_override=\u00bb#ffffff\u00bb hover_text_color_override=\u00bb#000000&#8243; icon_family=\u00bbnone\u00bb url=\u00bb\/es\/reserva\/\u00bb text=\u00bbBuscar disponibilidad\u00bb margin_top=\u00bb30&#8243; margin_bottom=\u00bb1&#8243;][\/vc_column_inner][\/vc_row_inner][vc_column_text css=\u00bb.vc_custom_1732700720956{margin-bottom: 50px !important;}\u00bb]\n<h5 style=\"text-align: center;\"><a href=\"\/es\/noticia-legales\/\">Informaci\u00f3n legal<\/a> &#8211; <a href=\"\/es\/politica-de-confidentialidad\/\">Pol\u00edtica de privacidad<\/a><\/h5>\n<p style=\"text-align: center;\"><span style=\"color: #999999;\">Copyright 2024 &#8211; Todos los derechos reservados<\/span><\/p>\n<div id=\"signature\">\n<p style=\"text-align: center;\"><a href=\"http:\/\/www.novaresa.fr\" target=\"_blank\" rel=\"noopener noreferrer\">novaresa<\/a><\/p>\n<\/div>\n[\/vc_column_text][\/vc_column][\/vc_row]\n","protected":false},"excerpt":{"rendered":"<p>[vc_row type=\u00bbfull_width_background\u00bb full_screen_row_position=\u00bbmiddle\u00bb bg_image=\u00bb6194&#8243; bg_position=\u00bbcenter center\u00bb bg_repeat=\u00bbno-repeat\u00bb bg_color=\u00bb#f1f1f1&#8243; scene_position=\u00bbcenter\u00bb text_color=\u00bbdark\u00bb text_align=\u00bbleft\u00bb top_padding=\u00bb15%\u00bb bottom_padding=\u00bb7%\u00bb id=\u00bben-tete\u00bb color_overlay=\u00bb#0a0a0a\u00bb overlay_strength=\u00bb0.3&#8243; enable_shape_divider=\u00bbtrue\u00bb shape_divider_color=\u00bb#161616&#8243; shape_divider_position=\u00bbbottom\u00bb shape_type=\u00bbcurve\u00bb][vc_column centered_text=\u00bbtrue\u00bb column_padding=\u00bbno-extra-padding\u00bb column_padding_position=\u00bball\u00bb background_color_opacity=\u00bb1&#8243; background_hover_color_opacity=\u00bb1&#8243;&#8230;<\/p>\n","protected":false},"author":1,"featured_media":0,"parent":0,"menu_order":0,"comment_status":"closed","ping_status":"closed","template":"","meta":{"footnotes":""},"class_list":["post-6312","page","type-page","status-publish"],"_links":{"self":[{"href":"https:\/\/www.hotel-arnaudbernard.com\/es\/wp-json\/wp\/v2\/pages\/6312","targetHints":{"allow":["GET"]}}],"collection":[{"href":"https:\/\/www.hotel-arnaudbernard.com\/es\/wp-json\/wp\/v2\/pages"}],"about":[{"href":"https:\/\/www.hotel-arnaudbernard.com\/es\/wp-json\/wp\/v2\/types\/page"}],"author":[{"embeddable":true,"href":"https:\/\/www.hotel-arnaudbernard.com\/es\/wp-json\/wp\/v2\/users\/1"}],"replies":[{"embeddable":true,"href":"https:\/\/www.hotel-arnaudbernard.com\/es\/wp-json\/wp\/v2\/comments?post=6312"}],"version-history":[{"count":5,"href":"https:\/\/www.hotel-arnaudbernard.com\/es\/wp-json\/wp\/v2\/pages\/6312\/revisions"}],"predecessor-version":[{"id":6389,"href":"https:\/\/www.hotel-arnaudbernard.com\/es\/wp-json\/wp\/v2\/pages\/6312\/revisions\/6389"}],"wp:attachment":[{"href":"https:\/\/www.hotel-arnaudbernard.com\/es\/wp-json\/wp\/v2\/media?parent=6312"}],"curies":[{"name":"wp","href":"https:\/\/api.w.org\/{rel}","templated":true}]}}