{"id":6328,"date":"2019-11-21T10:25:36","date_gmt":"2019-11-21T09:25:36","guid":{"rendered":"https:\/\/arnaud.novaresa.website\/hotel\/"},"modified":"2024-11-27T10:46:37","modified_gmt":"2024-11-27T09:46:37","slug":"hotel","status":"publish","type":"page","link":"https:\/\/www.hotel-arnaudbernard.com\/es\/hotel\/","title":{"rendered":"Hotel"},"content":{"rendered":"[vc_row type=\u00bbfull_width_background\u00bb full_screen_row_position=\u00bbmiddle\u00bb bg_image=\u00bb6196&#8243; bg_position=\u00bbcenter center\u00bb bg_repeat=\u00bbno-repeat\u00bb bg_color=\u00bb#161616&#8243; scene_position=\u00bbcenter\u00bb text_color=\u00bbdark\u00bb text_align=\u00bbleft\u00bb top_padding=\u00bb15%\u00bb bottom_padding=\u00bb7%\u00bb id=\u00bben-tete\u00bb color_overlay=\u00bb#0a0a0a\u00bb overlay_strength=\u00bb0.3&#8243; enable_shape_divider=\u00bbtrue\u00bb shape_divider_color=\u00bb#161616&#8243; shape_divider_position=\u00bbbottom\u00bb shape_type=\u00bbcurve\u00bb][vc_column centered_text=\u00bbtrue\u00bb column_padding=\u00bbno-extra-padding\u00bb column_padding_position=\u00bball\u00bb background_color_opacity=\u00bb1&#8243; background_hover_color_opacity=\u00bb1&#8243; font_color=\u00bb#ffffff\u00bb column_shadow=\u00bbnone\u00bb column_border_radius=\u00bbnone\u00bb width=\u00bb1\/1&#8243; tablet_text_alignment=\u00bbdefault\u00bb phone_text_alignment=\u00bbdefault\u00bb column_border_width=\u00bbnone\u00bb column_border_style=\u00bbsolid\u00bb][vc_custom_heading text=\u00bbHotel Arnaud Bernard\u00bb font_container=\u00bbtag:h2|text_align:center|color:%23ffffff\u00bb use_theme_fonts=\u00bbyes\u00bb][vc_column_text]\n<p style=\"text-align: center;\">Un hotel confortable cerca del Palacio de Congresos, a cien metros del aparcamiento Arnaud Bernard Indigo y a 200 metros de la estaci\u00f3n de metro Compans Caffarelli.<\/p>\n[\/vc_column_text][\/vc_column][\/vc_row][vc_row type=\u00bbin_container\u00bb full_screen_row_position=\u00bbmiddle\u00bb scene_position=\u00bbcenter\u00bb text_color=\u00bbdark\u00bb text_align=\u00bbleft\u00bb top_padding=\u00bb50&#8243; bottom_padding=\u00bb150&#8243; overlay_strength=\u00bb0.3&#8243; shape_divider_position=\u00bbbottom\u00bb shape_type=\u00bb\u00bb][vc_column column_padding=\u00bbno-extra-padding\u00bb column_padding_position=\u00bball\u00bb background_color_opacity=\u00bb1&#8243; background_hover_color_opacity=\u00bb1&#8243; column_shadow=\u00bbnone\u00bb column_border_radius=\u00bbnone\u00bb width=\u00bb1\/1&#8243; tablet_text_alignment=\u00bbdefault\u00bb phone_text_alignment=\u00bbdefault\u00bb column_border_width=\u00bbnone\u00bb column_border_style=\u00bbsolid\u00bb][vc_text_separator title=\u00bbEl hotel\u00bb title_align=\u00bbseparator_align_left\u00bb align=\u00bbalign_right\u00bb color=\u00bbcustom\u00bb border_width=\u00bb3&#8243; accent_color=\u00bb#c4a97a\u00bb el_class=\u00bbseparateurs\u00bb][vc_column_text]\n<h5><span style=\"color: #999999;\"><br \/>\nClasificaci\u00f3n:<\/span> <span style=\"color: #999999;\">2 estrellas <\/span>\/ Horario de recepci\u00f3n: <span style=\"color: #999999;\">7.00-22.00<\/span> <span style=\"color: #999999;\"><span style=\"color: #c4a97a;\">Para m\u00e1s informaci\u00f3n, ve a la p\u00e1gina de contacto.<\/span><\/span><\/h5>\n[\/vc_column_text][vc_column_text]Situado en el centro de Toulouse, a pocos minutos de la bas\u00edlica de Saint Sernin y de la plaza del Capitole. Un hotel confortable cerca del centro de congresos, a cien metros del aparcamiento Arnaud Bernard Indigo y a 200 metros de la estaci\u00f3n de metro Compans Caffarelli.<\/p>\n<p>Muchos lugares de inter\u00e9s tur\u00edstico se encuentran a poca distancia del hotel: el Museo de los Agustinos, el Convento de las Carmelitas, el Convento de los Jacobinos y el r\u00edo Garona. La recepci\u00f3n est\u00e1 abierta de 7.00 a 22.00 h. Acceso Wi-Fi gratuito en todo el hotel.[\/vc_column_text][vc_text_separator title=\u00bbGaler\u00eda de fotos\u00bb title_align=\u00bbseparator_align_left\u00bb align=\u00bbalign_right\u00bb color=\u00bbcustom\u00bb border_width=\u00bb3&#8243; accent_color=\u00bb#c4a97a\u00bb el_class=\u00bbseparateurs\u00bb][carousel script=\u00bbcarouFredSel\u00bb autorotate=\u00bbtrue\u00bb easing=\u00bblinear\u00bb][item id=\u00bb1574344672629-8b83f-3ced\u00bb title=\u00bb\u00c9l\u00e9ment\u00bb tab_id=\u00bb1574355450902-1&#8243;][image_with_animation image_url=\u00bb6199&#8243; alignment=\u00bb\u00bb animation=\u00bbFade In\u00bb border_radius=\u00bb5px\u00bb box_shadow=\u00bbnone\u00bb max_width=\u00bb100%\u00bb][\/item][item id=\u00bb1574344672671-4b83f-3ced\u00bb title=\u00bb\u00c9l\u00e9ment\u00bb tab_id=\u00bb1574355450931-1&#8243;][image_with_animation image_url=\u00bb6198&#8243; alignment=\u00bb\u00bb animation=\u00bbFade In\u00bb border_radius=\u00bb5px\u00bb box_shadow=\u00bbnone\u00bb max_width=\u00bb100%\u00bb][\/item][item title=\u00bb\u00c9l\u00e9ment\u00bb id=\u00bb1574345001712-5b83f-3ced\u00bb tab_id=\u00bb1574355450970-3&#8243;][image_with_animation image_url=\u00bb6182&#8243; alignment=\u00bb\u00bb animation=\u00bbFade In\u00bb border_radius=\u00bb5px\u00bb box_shadow=\u00bbnone\u00bb max_width=\u00bb100%\u00bb][\/item][item title=\u00bb\u00c9l\u00e9ment\u00bb id=\u00bb1727078914491-0-1&#8243; tab_id=\u00bb1574355450970-3&#8243;][image_with_animation image_url=\u00bb6196&#8243; alignment=\u00bb\u00bb animation=\u00bbFade In\u00bb border_radius=\u00bb5px\u00bb box_shadow=\u00bbnone\u00bb max_width=\u00bb100%\u00bb][\/item][\/carousel][\/vc_column][\/vc_row][vc_row type=\u00bbfull_width_background\u00bb full_screen_row_position=\u00bbmiddle\u00bb scene_position=\u00bbcenter\u00bb text_color=\u00bblight\u00bb text_align=\u00bbleft\u00bb top_padding=\u00bb2%\u00bb bottom_padding=\u00bb150&#8243; overlay_strength=\u00bb0.3&#8243; shape_divider_color=\u00bb#ffffff\u00bb shape_divider_position=\u00bbtop\u00bb shape_divider_height=\u00bb80&#8243; shape_type=\u00bbcurve\u00bb][vc_column column_padding=\u00bbno-extra-padding\u00bb column_padding_position=\u00bball\u00bb background_color_opacity=\u00bb1&#8243; background_hover_color_opacity=\u00bb1&#8243; column_shadow=\u00bbnone\u00bb column_border_radius=\u00bbnone\u00bb width=\u00bb1\/1&#8243; tablet_text_alignment=\u00bbdefault\u00bb phone_text_alignment=\u00bbdefault\u00bb column_border_width=\u00bbnone\u00bb column_border_style=\u00bbsolid\u00bb translate_y=\u00bb-50%\u00bb][vc_row_inner column_margin=\u00bbdefault\u00bb translate_y=\u00bb-100&#8243; text_align=\u00bbleft\u00bb][vc_column_inner column_padding=\u00bbpadding-6-percent\u00bb column_padding_position=\u00bball\u00bb centered_text=\u00bbtrue\u00bb background_color=\u00bb#c4a97a\u00bb background_color_opacity=\u00bb1&#8243; background_hover_color_opacity=\u00bb1&#8243; font_color=\u00bb#ffffff\u00bb column_shadow=\u00bbmedium_depth\u00bb column_border_radius=\u00bb15px\u00bb width=\u00bb1\/2&#8243; column_border_width=\u00bbnone\u00bb column_border_style=\u00bbsolid\u00bb][vc_custom_heading text=\u00bbPonte en contacto con nosotros\u00bb font_container=\u00bbtag:h3|text_align:center\u00bb use_theme_fonts=\u00bbyes\u00bb][vc_column_text]\n<p style=\"text-align: center;\">Nuestro equipo responder\u00e1 a todas tus preguntas.<\/p>\n[\/vc_column_text][nectar_btn size=\u00bblarge\u00bb button_style=\u00bbsee-through-2&#8243; color_override=\u00bb#ffffff\u00bb hover_color_override=\u00bb#ffffff\u00bb hover_text_color_override=\u00bb#000000&#8243; icon_family=\u00bbnone\u00bb url=\u00bb\/es\/contact\/\u00bb text=\u00bbRellena el formulario\u00bb margin_top=\u00bb30&#8243; margin_bottom=\u00bb1&#8243;][\/vc_column_inner][vc_column_inner column_padding=\u00bbpadding-6-percent\u00bb column_padding_position=\u00bball\u00bb centered_text=\u00bbtrue\u00bb background_color=\u00bb#ab1719&#8243; background_color_opacity=\u00bb1&#8243; background_hover_color_opacity=\u00bb1&#8243; font_color=\u00bb#ffffff\u00bb column_shadow=\u00bbmedium_depth\u00bb column_border_radius=\u00bb10px\u00bb width=\u00bb1\/2&#8243; column_border_width=\u00bbnone\u00bb column_border_style=\u00bbsolid\u00bb][vc_custom_heading text=\u00bbReserva tu estancia\u00bb font_container=\u00bbtag:h3|text_align:center\u00bb use_theme_fonts=\u00bbyes\u00bb][vc_column_text]\n<p style=\"text-align: center;\">\u00a1Reserva online al mejor precio!<\/p>\n[\/vc_column_text][nectar_btn size=\u00bblarge\u00bb button_style=\u00bbsee-through-2&#8243; color_override=\u00bb#ffffff\u00bb hover_color_override=\u00bb#ffffff\u00bb hover_text_color_override=\u00bb#000000&#8243; icon_family=\u00bbnone\u00bb url=\u00bb\/es\/reserva\/\u00bb text=\u00bbBuscar disponibilidad\u00bb margin_top=\u00bb30&#8243; margin_bottom=\u00bb1&#8243;][\/vc_column_inner][\/vc_row_inner][vc_column_text css=\u00bb.vc_custom_1732700732773{margin-bottom: 50px !important;}\u00bb]\n<h5 style=\"text-align: center;\"><a href=\"\/es\/noticia-legales\/\">Informaci\u00f3n legal<\/a> &#8211; <a href=\"\/es\/politica-de-confidentialidad\/\">Pol\u00edtica de privacidad<\/a><\/h5>\n<p style=\"text-align: center;\"><span style=\"color: #999999;\">Copyright 2024 &#8211; Todos los derechos reservados<\/span><\/p>\n<div id=\"signature\">\n<p style=\"text-align: center;\"><a href=\"http:\/\/www.novaresa.fr\" target=\"_blank\" rel=\"noopener noreferrer\">novaresa<\/a><\/p>\n<\/div>\n[\/vc_column_text][\/vc_column][\/vc_row]\n","protected":false},"excerpt":{"rendered":"<p>[vc_row type=\u00bbfull_width_background\u00bb full_screen_row_position=\u00bbmiddle\u00bb bg_image=\u00bb6196&#8243; bg_position=\u00bbcenter center\u00bb bg_repeat=\u00bbno-repeat\u00bb bg_color=\u00bb#161616&#8243; scene_position=\u00bbcenter\u00bb text_color=\u00bbdark\u00bb text_align=\u00bbleft\u00bb top_padding=\u00bb15%\u00bb bottom_padding=\u00bb7%\u00bb id=\u00bben-tete\u00bb color_overlay=\u00bb#0a0a0a\u00bb overlay_strength=\u00bb0.3&#8243; enable_shape_divider=\u00bbtrue\u00bb shape_divider_color=\u00bb#161616&#8243; shape_divider_position=\u00bbbottom\u00bb shape_type=\u00bbcurve\u00bb][vc_column centered_text=\u00bbtrue\u00bb column_padding=\u00bbno-extra-padding\u00bb column_padding_position=\u00bball\u00bb background_color_opacity=\u00bb1&#8243; background_hover_color_opacity=\u00bb1&#8243;&#8230;<\/p>\n","protected":false},"author":1,"featured_media":0,"parent":0,"menu_order":0,"comment_status":"closed","ping_status":"closed","template":"","meta":{"footnotes":""},"class_list":["post-6328","page","type-page","status-publish"],"_links":{"self":[{"href":"https:\/\/www.hotel-arnaudbernard.com\/es\/wp-json\/wp\/v2\/pages\/6328","targetHints":{"allow":["GET"]}}],"collection":[{"href":"https:\/\/www.hotel-arnaudbernard.com\/es\/wp-json\/wp\/v2\/pages"}],"about":[{"href":"https:\/\/www.hotel-arnaudbernard.com\/es\/wp-json\/wp\/v2\/types\/page"}],"author":[{"embeddable":true,"href":"https:\/\/www.hotel-arnaudbernard.com\/es\/wp-json\/wp\/v2\/users\/1"}],"replies":[{"embeddable":true,"href":"https:\/\/www.hotel-arnaudbernard.com\/es\/wp-json\/wp\/v2\/comments?post=6328"}],"version-history":[{"count":4,"href":"https:\/\/www.hotel-arnaudbernard.com\/es\/wp-json\/wp\/v2\/pages\/6328\/revisions"}],"predecessor-version":[{"id":6387,"href":"https:\/\/www.hotel-arnaudbernard.com\/es\/wp-json\/wp\/v2\/pages\/6328\/revisions\/6387"}],"wp:attachment":[{"href":"https:\/\/www.hotel-arnaudbernard.com\/es\/wp-json\/wp\/v2\/media?parent=6328"}],"curies":[{"name":"wp","href":"https:\/\/api.w.org\/{rel}","templated":true}]}}